{"id":357,"date":"2020-11-27T09:14:02","date_gmt":"2020-11-27T08:14:02","guid":{"rendered":"http:\/\/www.bc-tax.it\/ditrag\/?page_id=357"},"modified":"2021-01-15T10:32:16","modified_gmt":"2021-01-15T09:32:16","slug":"cookie-policy","status":"publish","type":"page","link":"http:\/\/www.bc-tax.it\/ditrag\/cookie-policy\/","title":{"rendered":"Cookie Policy"},"content":{"rendered":"<p><!-- ITA NUOVO --><\/p>\n<p>La presente Cookie Policy contiene le informazioni sui Cookie utilizzati sul presente sito (di seguito, \u201cSito\u201d).<\/p>\n<p>In caso di primo accesso al Sito da parte dell\u2019utente, sulla schermata web compare un banner contenente una sintetica informativa sull\u2019utilizzo dei Cookie.<\/p>\n<p>L\u2019utente \u00e8 libero di proseguire la navigazione chiudendo il banner oppure accedendo a un\u2019altra area del Sito o selezionando un\u2019immagine o un link. Qualora l\u2019utente desideri avere maggiori informazioni circa l\u2019utilizzo dei Cookie sul Sito, potr\u00e0 accedere alla presente informativa estesa tramite lo stesso banner, cliccando sul tasto \u201cRead more\u201d, oppure dal link \u201cCookie policy\u201d presente sul Sito, a pi\u00e8 pagina.<\/p>\n<p>Vi preghiamo di verificare periodicamente il contenuto della presente Policy in modo tale da essere costantemente aggiornati.<\/p>\n<p><strong>CHE COSA SONO I COOKIE E QUALI SONO LE LORO FUNZIONI<\/strong><\/p>\n<p>I Cookie sono utilizzati per migliorare e rendere pi\u00f9 agevole l\u2019esperienza di navigazione online.<\/p>\n<p>In particolare, si tratta di file di testo di piccole dimensioni che il sito visitato invia al browser usato per la navigazione e che vengono automaticamente memorizzati sul dispositivo dell\u2019utente, per essere poi rinviati automaticamente al web server del sito visitato, ad ogni successivo accesso e fino alla loro eliminazione.<\/p>\n<p>I Cookie vengono utilizzati per diverse finalit\u00e0, ad esempio, per l\u2019esecuzione di autenticazioni informatiche, per il monitoraggio di sessioni, per la memorizzazione di informazioni specifiche sugli utenti che accedono a una pagina web. I Cookie vengono memorizzati per periodi di tempo che variano a seconda delle esigenze e delle finalit\u00e0 per le quali sono utilizzati. In particolare, i c.d. \u201cCookie sessione\u201d vengono eliminati alla chiusura del browser; i \u201cCookie permanenti\u201d, invece, rimangono memorizzati fino alla loro scadenza.<\/p>\n<p>I Cookie possono essere distinti nelle seguenti principali categorie:<\/p>\n<p>\n1. A seconda al soggetto che li installa:<\/p>\n<ul>\n<li>Cookie di prima parte: sono installati dall\u2019editore del sito web che l\u2019utente sta visitando, in questo caso lo Studio (sono utilizzati, ad esempio, per conoscere il numero di pagine visitate all\u2019interno del sito);<\/li>\n<li>Cookie di terza parte: sono installati da soggetti diversi dall\u2019editore del sito che l\u2019utente sta visitando.<\/li>\n<\/ul>\n<p>Infatti, su un sito web possono essere presenti degli elementi (tra cui, ad esempio, immagini, mappe, suoni, specifici link a pagine web di altri domini, etc.) che risiedono su server diversi da quello della pagina visitata, e i Cookie che vengono scaricati sui dispositivi dell\u2019utente (pc, smartphone o tablet) possono essere letti anche da soggetti diversi da quelli che gestiscono il sito che l\u2019utente sta visitando.\n<\/p>\n<p>\n2. A seconda delle loro finalit\u00e0:<\/p>\n<ul>\n<li>Cookie tecnici: servono a rendere pi\u00f9 agevole la navigazione, assicurano la corretta o pi\u00f9 agevole fruizione del sito che si sta visitando, oppure forniscono un servizio richiesto dall\u2019utente. Questi Cookie non forniscono al sito alcuna informazione personale.<\/li>\n<li>Cookie analytics: sono Cookie assimilabili ai Cookie tecnici laddove vengano installati per raccogliere informazioni in forma anonima e aggregata, sul numero degli utenti e su come questi visitano il sito. Consentono di sviluppare statistiche sul servizio offerto e sul suo utilizzo.<\/li>\n<li>Cookie di profilazione: hanno lo scopo di monitorare e profilare gli utenti durante la navigazione e vengono utilizzati, ad esempio, per studiare i movimenti degli utenti, le loro abitudini di consultazione del web o di consumo (cosa legge l\u2019utente, cosa compra etc.) anche allo scopo di inviare messaggi pubblicitari in linea con le preferenze manifestate durante la navigazione (c.d. <em>\u201cBehavioural Advertising\u201d<\/em>).<\/li>\n<\/ul>\n<p><strong>QUALI SONO I COOKIE UTILIZZATI DAL SITO<\/strong><\/p>\n<p>Durante la navigazione il Sito installa sul dispositivo dell\u2019utente i seguenti Cookie :<\/p>\n<ul>\n<li>Cookie tecnici (di prima parte): sono necessari per il funzionamento del Sito, per garantire una navigazione agevole e una rapida visualizzazione delle pagine web, nonch\u00e9 per il corretto utilizzo del Sito da parte dell\u2019utente. L\u2019installazione dei Cookie tecnici sul Sito \u00e8 necessaria ai fini della navigazione e non richiede il consenso da parte dell\u2019utente. Inoltre, cliccando sull\u2019apposito pulsante presente nel banner oppure proseguendo la navigazione l\u2019utente dichiara di aver preso visione della presente Cookie Policy.<\/li>\n<li>GCookie Google Analytics e Google Maps (di terza parte): lo Studio ha concluso con alcune terze parti accordi per l\u2019installazione di Cookie tramite il proprio Sito. In tal caso, lo Studio \u00e8 tenuto solamente a mettere a Vostra disposizione i link alle informative privacy e ai relativi moduli di consenso (ove disponibili) predisposti da tali soggetti. Alcuni di tali Cookie sono utilizzati per elaborare statistiche sulla navigazione sul Sito oppure raccolgono messaggi di errore o di malfunzionamento.<\/li>\n<\/ul>\n<p>Si precisa che, per tutelare la al massimo la Vostra riservatezza, i Cookie di terze parti utilizzati dal Sito sono configurati in modo da non raccogliere alcuna informazione relativa all\u2019indirizzo IP grazie alla funzione \u201cGA4\u201d che rende automaticamente anonimo il dato analizzato.<\/p>\n<p><strong>LINK ALLE INFORMATIVE DI TERZA PARTE<\/strong><\/p>\n<p>Vi forniamo di seguito i link alle informative privacy e ai moduli di consenso (ove disponibili) predisposti dalle terze parti che installano Cookie sul sito dello Studio:<\/p>\n<p>Google Maps<\/p>\n<p><a href=\"https:\/\/policies.google.com\/privacy\" target=\"_blank\" rel=\"noopener noreferrer\">https:\/\/policies.google.com\/privacy <\/a><\/p>\n<p>Google Analytics<\/p>\n<p><a href=\"https:\/\/policies.google.com\/privacy\" target=\"_blank\" rel=\"noopener noreferrer\">https:\/\/policies.google.com\/privacy <\/a><\/p>\n<p><a href=\"https:\/\/policies.google.com\/technologies\/cookies\" target=\"_blank\" rel=\"noopener noreferrer\">https:\/\/policies.google.com\/technologies\/cookies <\/a><\/p>\n<p><a href=\"https:\/\/developers.google.com\/analytics\/devguides\/collection\/analyticsjs\/cookie-usage?hl=en-US\" target=\"_blank\" rel=\"noopener noreferrer\">https:\/\/developers.google.com\/analytics\/devguides\/collection\/analyticsjs\/cookie-usage?hl=en-US <\/a><\/p>\n<p><strong>COME GESTIRE E DISABILITARE I COOKIE<\/strong><\/p>\n<p>In genere i browser sono configurati per accettare automaticamente i Cookie. In ogni caso, l\u2019utente \u00e8 libero di modificare tali configurazioni in modo da limitare o inibire i Cookie, oppure in modo da impostare un avviso quando dei Cookie vengono impiegati sul dispositivo. Le modalit\u00e0 di gestione dei Cookie sono diverse a seconda del browser utilizzato dall\u2019utente. Al fine di scoprire come configurare o modificare le impostazioni sui Cookie l\u2019utente potr\u00e0 fare riferimento al manuale d\u2019istruzioni o alla schermata di aiuto del browser di volta in volta utilizzato.<\/p>\n<p>Di seguito vengono riportati per comodit\u00e0 i link alle diverse schermate delle impostazioni relative ai browser maggiormente utilizzati dagli utenti:<\/p>\n<p>Google Chrome <\/p>\n<p><a href=\"https:\/\/support.google.com\/chrome\/answer\/95647?hl=it&#038;hlrm=en\" target=\"_blank\" rel=\"noopener noreferrer\">https:\/\/support.google.com\/chrome\/answer\/95647?hl=it&#038;hlrm=en <\/a><\/p>\n<p>Internet Explorer<\/p>\n<p><a href=\"https:\/\/support.microsoft.com\/it-it\/help\/17442\/windows-internet-explorer-delete-manage-cookies\" target=\"_blank\" rel=\"noopener noreferrer\">https:\/\/support.microsoft.com\/it-it\/help\/17442\/windows-internet-explorer-delete-manage-cookies  <\/a><\/p>\n<p>Mozilla Firefox<\/p>\n<p><a href=\"https:\/\/support.mozilla.org\/it\/products\/firefox\/protect-your-privacy\/cookies\" target=\"_blank\" rel=\"noopener noreferrer\">https:\/\/support.mozilla.org\/it\/products\/firefox\/protect-your-privacy\/cookies  <\/a><\/p>\n<p>Apple Safari<\/p>\n<p><a href=\"https:\/\/support.apple.com\/it-it\/guide\/safari\/sfri11471\/mac\" target=\"_blank\" rel=\"noopener noreferrer\">https:\/\/support.apple.com\/it-it\/guide\/safari\/sfri11471\/mac  <\/a><\/p>\n<p><a href=\"https:\/\/support.apple.com\/it-it\/HT201265\" target=\"_blank\" rel=\"noopener noreferrer\">https:\/\/support.apple.com\/it-it\/HT201265  <\/a><\/p>\n<p>Opera<\/p>\n<p><a href=\"https:\/\/help.opera.com\/en\/latest\/web-preferences\/#cookies\" target=\"_blank\" rel=\"noopener noreferrer\">https:\/\/help.opera.com\/en\/latest\/web-preferences\/#cookies  <\/a><\/p>\n<p>Vi informiamo, infine, che se intendete disabilitare unicamente i Cookie di terza parte <u>Google Analytics<\/u>, potrete anche scaricare il componente aggiuntivo del browser che disattiva il codice JavaScript di Google Analytics. Il componente aggiuntivo in questione impedisce al codice JavaScript di Google Analytics in esecuzione su un dato sito web, di condividere con Google Analytics le informazioni sulla Vostra attivit\u00e0 quando visitate quel sito. Il componente aggiuntivo \u00e8 compatibile con i seguenti browser: Chrome, Internet Explorer 11, Apple Safari, Mozilla Firefox e Opera, ed \u00e8 reperibile al seguente link: <a href=\"https:\/\/tools.google.com\/dlpage\/gaoptout?hl=it\" target=\"_blank\" rel=\"noopener noreferrer\">https:\/\/tools.google.com\/dlpage\/gaoptout?hl=it<\/a>.<\/p>\n<p>In ogni caso, potrete accedere a maggiori informazioni sulla gestione ed eliminazione dei Cookie attraverso il seguente link: www.allaboutcookie.org<\/p>\n","protected":false},"excerpt":{"rendered":"<p>La presente Cookie Policy contiene le informazioni sui Cookie utilizzati sul presente sito (di seguito, \u201cSito\u201d). In caso di primo accesso al Sito da parte dell\u2019utente, sulla schermata web compare un banner contenente una sintetica informativa sull\u2019utilizzo dei Cookie. L\u2019utente \u00e8 libero di proseguire la navigazione chiudendo il banner oppure accedendo a un\u2019altra area del [&hellip;]<\/p>\n","protected":false},"author":1,"featured_media":0,"parent":0,"menu_order":0,"comment_status":"closed","ping_status":"closed","template":"template-blank.php","meta":{"_acf_changed":false,"footnotes":""},"class_list":["post-357","page","type-page","status-publish","hentry"],"acf":[],"publishpress_future_action":{"enabled":false,"date":"2026-05-22 13:21:19","action":"change-status","newStatus":"draft","terms":[],"taxonomy":"translation_priority","extraData":[]},"publishpress_future_workflow_manual_trigger":{"enabledWorkflows":[]},"_links":{"self":[{"href":"https:\/\/www.bc-tax.it\/ditrag\/wp-json\/wp\/v2\/pages\/357","targetHints":{"allow":["GET"]}}],"collection":[{"href":"https:\/\/www.bc-tax.it\/ditrag\/wp-json\/wp\/v2\/pages"}],"about":[{"href":"https:\/\/www.bc-tax.it\/ditrag\/wp-json\/wp\/v2\/types\/page"}],"author":[{"embeddable":true,"href":"https:\/\/www.bc-tax.it\/ditrag\/wp-json\/wp\/v2\/users\/1"}],"replies":[{"embeddable":true,"href":"https:\/\/www.bc-tax.it\/ditrag\/wp-json\/wp\/v2\/comments?post=357"}],"version-history":[{"count":3,"href":"https:\/\/www.bc-tax.it\/ditrag\/wp-json\/wp\/v2\/pages\/357\/revisions"}],"predecessor-version":[{"id":434,"href":"https:\/\/www.bc-tax.it\/ditrag\/wp-json\/wp\/v2\/pages\/357\/revisions\/434"}],"wp:attachment":[{"href":"https:\/\/www.bc-tax.it\/ditrag\/wp-json\/wp\/v2\/media?parent=357"}],"curies":[{"name":"wp","href":"https:\/\/api.w.org\/{rel}","templated":true}]}}